{"id":682,"date":"2025-09-02T03:09:57","date_gmt":"2025-09-02T03:09:57","guid":{"rendered":"https:\/\/web.ceico.edu.mx\/?page_id=682"},"modified":"2025-12-10T18:42:36","modified_gmt":"2025-12-10T18:42:36","slug":"aviso-de-privacidad","status":"publish","type":"page","link":"https:\/\/web.ceico.edu.mx\/index.php\/aviso-de-privacidad\/","title":{"rendered":"Aviso de privacidad"},"content":{"rendered":"<p>[et_pb_section fb_built=\u00bb1&#8243; custom_padding_last_edited=\u00bbon|desktop\u00bb next_background_color=\u00bb#ffffff\u00bb admin_label=\u00bbHeader\u00bb _builder_version=\u00bb4.27.5&#8243; use_background_color_gradient=\u00bbon\u00bb background_color_gradient_direction=\u00bb130deg\u00bb background_color_gradient_stops=\u00bb#4b629f 25%|#f48c69 100%\u00bb background_color_gradient_start=\u00bb#4b629f\u00bb background_color_gradient_start_position=\u00bb25%\u00bb background_color_gradient_end=\u00bb#f48c69&#8243; background_enable_image=\u00bboff\u00bb parallax=\u00bbon\u00bb background_video_mp4=\u00bbhttps:\/\/web.ceico.edu.mx\/wp-content\/uploads\/2025\/12\/General_encabezado.mp4&#8243; width=\u00bb100%\u00bb custom_padding=\u00bb7vw||10vw||false|false\u00bb custom_padding_tablet=\u00bb100px||100px||true\u00bb custom_padding_phone=\u00bb||||true\u00bb bottom_divider_style=\u00bbramp2&#8243; bottom_divider_height=\u00bb250px\u00bb bottom_divider_flip=\u00bbhorizontal\u00bb bottom_divider_height_tablet=\u00bb150px\u00bb bottom_divider_height_phone=\u00bb110px\u00bb bottom_divider_height_last_edited=\u00bbon|phone\u00bb saved_tabs=\u00bball\u00bb global_colors_info=\u00bb{}\u00bb][et_pb_row _builder_version=\u00bb4.16&#8243; global_colors_info=\u00bb{}\u00bb][et_pb_column type=\u00bb4_4&#8243; _builder_version=\u00bb4.16&#8243; custom_padding=\u00bb|||\u00bb global_colors_info=\u00bb{}\u00bb custom_padding__hover=\u00bb|||\u00bb][et_pb_image src=\u00bbhttps:\/\/web.ceico.edu.mx\/wp-content\/uploads\/2025\/12\/Logo-Blanco-CEICO-2.png\u00bb title_text=\u00bblogoceico.fw_white.fw (1)\u00bb align=\u00bbcenter\u00bb _builder_version=\u00bb4.27.5&#8243; _module_preset=\u00bbdefault\u00bb width=\u00bb50%\u00bb animation_style=\u00bbslide\u00bb hover_enabled=\u00bb0&#8243; global_colors_info=\u00bb{}\u00bb sticky_enabled=\u00bb0&#8243;][\/et_pb_image][et_pb_text _builder_version=\u00bb4.27.5&#8243; text_font=\u00bbRoboto||||||||\u00bb text_font_size=\u00bb16px\u00bb text_line_height=\u00bb1.8em\u00bb header_font=\u00bbRoboto|700|||||||\u00bb header_text_align=\u00bbcenter\u00bb header_font_size=\u00bb80px\u00bb header_line_height=\u00bb1.2em\u00bb header_3_font=\u00bbRoboto|700||on|||||\u00bb header_3_text_align=\u00bbcenter\u00bb header_3_text_color=\u00bb#ffffff\u00bb header_3_font_size=\u00bb24px\u00bb header_3_letter_spacing=\u00bb10px\u00bb header_3_line_height=\u00bb2em\u00bb text_orientation=\u00bbcenter\u00bb background_layout=\u00bbdark\u00bb module_alignment=\u00bbcenter\u00bb hover_enabled=\u00bb0&#8243; text_font_size_last_edited=\u00bboff|desktop\u00bb header_font_size_tablet=\u00bb40px\u00bb header_font_size_phone=\u00bb32px\u00bb header_font_size_last_edited=\u00bbon|phone\u00bb header_3_font_size_tablet=\u00bb16px\u00bb header_3_font_size_phone=\u00bb14px\u00bb header_3_font_size_last_edited=\u00bbon|phone\u00bb header_3_letter_spacing_tablet=\u00bb5px\u00bb header_3_letter_spacing_phone=\u00bb\u00bb header_3_letter_spacing_last_edited=\u00bbon|tablet\u00bb global_colors_info=\u00bb{}\u00bb sticky_enabled=\u00bb0&#8243;]<\/p>\n<h3>Aviso de privacidad<\/h3>\n<p>[\/et_pb_text][\/et_pb_column][\/et_pb_row][\/et_pb_section][et_pb_section fb_built=\u00bb1&#8243; custom_padding_last_edited=\u00bboff|desktop\u00bb _builder_version=\u00bb4.16&#8243; use_background_color_gradient=\u00bbon\u00bb background_color_gradient_stops=\u00bb#ffffff 0%|#F2F2FA 50%\u00bb background_color_gradient_start=\u00bb#ffffff\u00bb background_color_gradient_end=\u00bb#F2F2FA\u00bb background_color_gradient_end_position=\u00bb50%\u00bb background_size=\u00bbinitial\u00bb custom_padding=\u00bb|||\u00bb custom_padding_tablet=\u00bb0px||0px|0px\u00bb custom_padding_phone=\u00bb|||\u00bb bottom_divider_style=\u00bbramp\u00bb bottom_divider_color=\u00bb#ffffff\u00bb bottom_divider_height=\u00bb250px\u00bb bottom_divider_height_tablet=\u00bb150px\u00bb bottom_divider_height_phone=\u00bb110px\u00bb bottom_divider_height_last_edited=\u00bbon|phone\u00bb global_colors_info=\u00bb{}\u00bb][et_pb_row _builder_version=\u00bb4.24.2&#8243; _module_preset=\u00bbdefault\u00bb global_colors_info=\u00bb{}\u00bb][et_pb_column type=\u00bb4_4&#8243; _builder_version=\u00bb4.24.2&#8243; _module_preset=\u00bbdefault\u00bb global_colors_info=\u00bb{}\u00bb][et_pb_text _builder_version=\u00bb4.24.2&#8243; _module_preset=\u00bbdefault\u00bb global_colors_info=\u00bb{}\u00bb]<\/p>\n<p style=\"text-align: justify;\"><strong>AVISO DE PRIVACIDAD<\/strong><\/p>\n<p style=\"text-align: justify;\">Centro Educativo Integral Campus Orizaba, S.C., mejor conocido como CEICO, con domicilio en <span>Prolongaci\u00f3n Av. 20 de noviembre No. 686 colonia Rinc\u00f3n Grande <\/span><span>C.P: 94390. Orizaba, Veracruz, M\u00e9xico<\/span>, y portal de internet web.ceico.edu.mx<a href=\"http:\/\/www.cajayanga.coop\/\"><\/a> es responsable del uso y protecci\u00f3n de sus datos personales, con fundamento en los art\u00edculos 15, 16 y 17 de la Ley Federal de Protecci\u00f3n de Datos Personales en Posesi\u00f3n de Particulares, y al respecto en los t\u00e9rminos establecidos se emite el presente.<\/p>\n<p style=\"text-align: justify;\"><strong>DATOS PERSONALES QUE SON UTILIZADOS.<\/strong><\/p>\n<p style=\"text-align: justify;\">Nombre, Estado Civil, Registro Federal de Contribuyentes (RFC), Clave \u00fanica de Registro de Poblaci\u00f3n (CURP), Lugar \u00a0y fecha de nacimiento, Edad, Nacionalidad, Domicilio, Tel\u00e9fono particular, Tel\u00e9fono celular, \u00a0Firma aut\u00f3grafa, Fotograf\u00eda, Huella dactilar, Puesto o cargo que desempe\u00f1a, Domicilio de trabajo, Tel\u00e9fono institucional, Referencias laborales, Trayectoria educativa, Certificados.<\/p>\n<p style=\"text-align: justify;\"><strong>FINES DE UTILIZACI\u00d3N DE DATOS PERSONALES.\u00a0\u00a0\u00a0\u00a0\u00a0\u00a0\u00a0<\/strong><\/p>\n<p style=\"text-align: justify;\">Los datos personales que recabamos de usted, son necesarias para el servicio que le ofrecemos mismos que utilizaremos para: generar un registro acad\u00e9mico de los alumnos en conjunto con la informaci\u00f3n del padre de familia.<\/p>\n<p style=\"text-align: justify;\">De manera adicional utilizaremos su informaci\u00f3n personal para los fines que no son necesarios para el servicio solicitado, pero que nos permiten y facilitan brindarle una mejor atenci\u00f3n, los cuales son: fines mercadot\u00e9cnicos o publicitarios y prospecci\u00f3n comercial. En caso de que no desee que sus datos personales sean tratados para estos fines adicionales, usted puede presentar desde este momento un escrito nuestras oficinas de CEICO Sur con domicilio ubicado en <span>Prolongaci\u00f3n Av. 20 de noviembre No. 686 colonia Rinc\u00f3n Grande,<\/span> Municipio o Delegaci\u00f3n Orizaba, de igual manera podr\u00e1 comunicarlo a trav\u00e9s de los siguientes medios:\u00a0 Correo electr\u00f3nico <a href=\"mailto:contaduria@ceico.edu.mx\">contaduria@ceico.edu.mx<\/a> \u00a0y\/o \u00a0n\u00famero telef\u00f3nico 272 724 7625.<\/p>\n<p style=\"text-align: justify;\"><strong>TERCEROS CON LOS QUE SE COMPARTEN LOS DATOS PERSONALES.<\/strong><\/p>\n<p style=\"text-align: justify;\">Le informamos que su informaci\u00f3n personal no es compartida con ninguna persona, empresa, organizaciones o autoridades distintas a nosotros.<\/p>\n<p style=\"text-align: justify;\"><strong>TRATAMIENTO DE LOS DATOS PERSONALES.<\/strong><\/p>\n<p style=\"text-align: justify;\">\n<p style=\"text-align: justify;\">Cuando requerimos transferir sus datos personales con personas, empresas, organizaciones o autoridades, se realiza a trav\u00e9s del siguiente procedimiento:<\/p>\n<p style=\"text-align: justify;\">Se comunica al tercero el aviso de privacidad correspondiente al tratamiento en que se obtuvieron sus datos personales y las finalidades a las que nos sujetamos para su tratamiento.<\/p>\n<p style=\"text-align: justify;\">Se formaliza la obligaci\u00f3n de no difundir sus datos personales mediante la suscripci\u00f3n de un convenio de confidencialidad, el cual contiene cl\u00e1usulas mismas que en conjunto sirven de instrumento jur\u00eddico asegurando que el mismo se encuentra apegado a las reglas para la transferencia de datos personales, y a su vez permiten demostrar este alcance.<\/p>\n<p style=\"text-align: justify;\">En consecuencia mediante la celebraci\u00f3n del convenio de confidencialidad queda expresa la manifestaci\u00f3n del tercero y se obliga a proteger los datos personales conforme a los principios y deberes que establecen las disposiciones que resulten aplicables en la materia.<\/p>\n<p style=\"text-align: justify;\"><strong>POL\u00cdTICA DE PRIVACIDAD EN L\u00cdNEA.<\/strong><\/p>\n<p style=\"text-align: justify;\">Cuando usted ingresa a la p\u00e1gina<span> <a href=\"http:\/\/www.ceico.edu.mx\">web.ceico.edu.mx<\/a> <\/span>se registra su direcci\u00f3n de Internet, el tipo de sistema operativo que usted utiliza y el tipo de software navegador que usted usa. Adicionalmente se podr\u00e1 conocer las partes del portal que usted est\u00e1 visitando. En este proceso nosotros no tenemos conocimiento de su nombre o de alguna otra informaci\u00f3n que nos permita identificarlo, es decir se realiza de manera an\u00f3nima.<\/p>\n<p style=\"text-align: justify;\">No se requieren datos personales para usar el portal de Internet, las redes sociales y el aplicativo m\u00f3vil, a menos que sea necesario y le sea explicada dicha necesidad de manera expresa. Algunas aplicaciones pueden requerir que usted revele alguna informaci\u00f3n personal, como en formularios de contacto para otorgarle la atenci\u00f3n a sus solicitudes. En ning\u00fan caso se le requerir\u00e1 proporcionar datos financieros, patrimoniales y\/o sensibles, por lo que su revelaci\u00f3n es responsabilidad de los mismos.<\/p>\n<p style=\"text-align: justify;\"><strong>Cookies:<\/strong>\u00a0La cookie es una breve informaci\u00f3n que el portal de Internet env\u00eda a sus dispositivos, la cual queda almacenada en su disco duro. La pr\u00f3xima vez que usted ingrese a nuestro portal o aplicaciones, podremos usar la informaci\u00f3n almacenada en la cookie para facilitarle el uso de nuestros sitios.<\/p>\n<p style=\"text-align: justify;\"><strong>Uso de im\u00e1genes<\/strong>: CEICO podr\u00e1 utilizar, imprimir, reproducir y publicar la(s), imagen(es), (en fotograf\u00eda o v\u00eddeo), de los alumnos en medios impresos, electr\u00f3nicos (blogs, redes sociales, sitio web), en todas sus manifestaciones. Para el caso de querer utilizar los medios antes descritos para fines publicitarios se requiere de su consentimiento.<\/p>\n<p style=\"text-align: justify;\"><strong>PROCEDIMIENTO PARA EJERCER DERECHOS ARCO: ACCESO, RECTIFICACI\u00d3N, CANCELACI\u00d3N A DATOS PERSONALES U OPOSICI\u00d3N A SU USO.<\/strong><\/p>\n<p style=\"text-align: justify;\">Usted tiene derecho a conocer que datos personales tenemos de usted, para que los utilizamos y las condiciones del uso que les damos (Acceso). Asimismo, es su derecho solicitar la correcci\u00f3n de su informaci\u00f3n personal en caso de que est\u00e9 desactualizada, sea inexacta o incompleta (Rectificaci\u00f3n); que la eliminemos de nuestros registros o bases de datos cuando considere que la misma no est\u00e1 siendo utilizada adecuadamente (Cancelaci\u00f3n); as\u00ed como oponerse al uso de sus datos personales para fines espec\u00edficos (Oposici\u00f3n). Estos derechos se conocen como derechos ARCO.<\/p>\n<p style=\"text-align: justify;\">Usted puede revocar el consentimiento que, en su caso, nos haya otorgado para el tratamiento de sus datos personales. Sin embargo, es importante que tenga en cuenta que no en todos los casos podremos atender su solicitud o concluir el uso de forma inmediata, ya que es posible que por alguna obligaci\u00f3n legal requiramos seguir tratando sus datos personales. Asimismo, usted deber\u00e1 considerar que para ciertos fines, la revocaci\u00f3n de su consentimiento implicar\u00e1 que no le podamos seguir prestando el servicio que nos solicit\u00f3, o la conclusi\u00f3n de su relaci\u00f3n con nosotros.<\/p>\n<p style=\"text-align: justify;\">Para el ejercicio de cualquiera de los derechos ARCO, de conformidad con la Ley Federal de Protecci\u00f3n de Datos Personales en Posesi\u00f3n de los Particulares, usted deber\u00e1 presentar la solicitud respectiva conforme el presente procedimiento:<\/p>\n<p style=\"text-align: justify;\">Enviar un correo electr\u00f3nico, a la direcci\u00f3n: <a href=\"mailto:contaduria@ceico.edu.mx\">contaduria@ceico.edu.mx<\/a> realizando su solicitud para el ejercicio de los derechos ARCO, deber\u00e1n presentarse en horas y d\u00edas h\u00e1biles, deber\u00e1 incluir su nombre completo, as\u00ed como la relaci\u00f3n jur\u00eddica que tenga con\u00a0<strong>CEICO<\/strong>, el tipo de derecho que desea ejercer, identificando con precisi\u00f3n los datos respecto de los cuales solicite el acceso, rectificaci\u00f3n, cancelaci\u00f3n u oposici\u00f3n, o aquellos en lo que decida revocar su consentimiento, anexando su identificaci\u00f3n oficial (Credencial de Elector INE) con el fin de acreditar su identidad o la personalidad con la que realiza la solicitud. Para la rectificaci\u00f3n de datos ser\u00e1 necesario se\u00f1alar con precisi\u00f3n la modificaci\u00f3n que debe hacerse, anexando la documentaci\u00f3n que justifique la misma.<\/p>\n<ul style=\"text-align: justify;\">\n<li>Una vez enviada su solicitud al correo electr\u00f3nico le ser\u00e1 enviado un acuse de recibo con la fecha de recepci\u00f3n que corresponda. Si se detecta que falta alg\u00fan requisito legal, dentro de los cinco d\u00edas h\u00e1biles a su recepci\u00f3n,\u00a0 ser\u00e1 requerido subsanar su solicitud en un t\u00e9rmino de diez d\u00edas h\u00e1biles, de lo contrario, se tendr\u00e1 por no presentada.<\/li>\n<li>En caso que su solicitud haya sido enviada en viernes o bien en d\u00eda inh\u00e1bil laboral, la misma podr\u00e1 ser recibida a partir del d\u00eda h\u00e1bil siguiente al que la haya enviado.<\/li>\n<li>En un t\u00e9rmino de veinte d\u00edas h\u00e1biles contados a partir de la fecha de acuse de recibo se dar\u00e1 respuesta a su solicitud v\u00eda correo electr\u00f3nico. Conforme a lo estipulado por el art\u00edculo 97 del Reglamento de la LFPDPPP\u00a0 el plazo se\u00f1alado podr\u00e1 prorrogarse de manera justificada hasta por veinte d\u00edas h\u00e1biles adicionales, haciendo de su conocimiento lo anterior al titular.<\/li>\n<li>En caso de que su solicitud sea procedente de conformidad con la LFPDPPP y dem\u00e1s normatividad vigente, se otorgar\u00e1 el acceso, se rectificar\u00e1n o cancelaran sus datos, se har\u00e1 efectivo su derecho de oposici\u00f3n o se tendr\u00e1 por revocado el consentimiento, dentro de los quince d\u00edas h\u00e1biles siguientes a la fecha en que se d\u00e9 respuesta a su solicitud. Este plazo podr\u00e1 ampliarse por quince d\u00edas h\u00e1biles adicionales cuando existan causas que lo justifiquen, esta situaci\u00f3n se notificar\u00e1 al titular de acuerdo a lo establecido por el art\u00edculo 97 del Reglamento de la Ley Federal de Protecci\u00f3n de Datos Personales en Posesi\u00f3n de los Particulares (RLFPDPPP).<\/li>\n<li>En t\u00e9rminos de lo se\u00f1alado por los art\u00edculos 32, 33, 34 y 35 de la LFPDPPP, los datos personales ser\u00e1n enviados al correo electr\u00f3nico del titular, si fuera de modo diverso, el titular cubrir\u00e1 los gastos que ello implique.<\/li>\n<\/ul>\n<p style=\"text-align: justify;\">Para el caso que desee presentar su solicitud de derechos ARCO de manera presencial se dejan los datos \u00a0de contacto de Centro Educativo Integral Campus Orizaba, S.C.. para dar tr\u00e1mite a las solicitudes, son los siguientes:<\/p>\n<p style=\"text-align: justify;\"><span>Prolongaci\u00f3n Av. 20 de noviembre No. 686 colonia Rinc\u00f3n Grande<\/span><br \/><span>C.P: 94390. Orizaba, Veracruz, M\u00e9xico<\/span><\/p>\n<p style=\"text-align: justify;\">Correo electr\u00f3nico: <a href=\"mailto:contaduria@ceico.edu.mx\">contaduria@ceico.edu.mx<\/a> N\u00famero telef\u00f3nico: 272 724 7625<\/p>\n<p style=\"text-align: justify;\"><strong>LIMITACI\u00d3N DEL USO O DIVULGACI\u00d3N DE INFORMACI\u00d3N PERSONAL.<\/strong><\/p>\n<p style=\"text-align: justify;\">Si\u00a0 usted desea limitar el uso y divulgaci\u00f3n de su informaci\u00f3n personal, podr\u00e1 comunicarse al n\u00famero telef\u00f3nico: 272 724 7625 o bien realizar su solicitud al correo electr\u00f3nico: <a href=\"mailto:contaduria@ceico.edu.mx\">contaduria@ceico.edu.mx.<\/a><\/p>\n<p style=\"text-align: justify;\"><strong>CAMBIOS DEL AVISO DE PRIVACIDAD.<\/strong><\/p>\n<p style=\"text-align: justify;\">El presente aviso de privacidad puede sufrir modificaciones, cambios o actualizaciones derivadas de nuevos requerimientos legales; de nuestras propias necesidades por los productos o servicios que ofrecemos; de nuestras pr\u00e1cticas de privacidad; de cambios en nuestro modelo de negocio, o por otras causas.<\/p>\n<p style=\"text-align: justify;\">Nos comprometemos a mantenerlo informado sobre los cambios que pueda sufrir el presente aviso de privacidad, a trav\u00e9s de la p\u00e1gina de internet:<span> <a href=\"http:\/\/www.ceico.edu.mx\">web.ceico.edu.mx<\/a> <\/span>; mediante carteles que estar\u00e1n ubicados en las instalaciones o centros de atenci\u00f3n a padres de familia.<\/p>\n<p style=\"text-align: justify;\"><strong>QUEJAS Y DENUNCIAS POR EL TRATAMIENTO INDEBIDO DE SUS DATOS PERSONALES<\/strong><\/p>\n<p style=\"text-align: justify;\">Para interponer la queja o denuncia correspondiente por alguna violaci\u00f3n a las disposiciones previstas en la\u00a0Ley Federal de Protecci\u00f3n de Datos Personales en Posesi\u00f3n de los Particulares, ante el Instituto Nacional de Transparencia, Acceso a la Informaci\u00f3n y Protecci\u00f3n de Datos Personales (INAI), puede visitar la p\u00e1gina<span>\u00a0<\/span><a href=\"https:\/\/home.inai.org.mx\/\"><strong>www.inai.org.mx.<\/strong><\/a><\/p>\n<p style=\"text-align: justify;\"><strong>\u00daltima actualizaci\u00f3n Viernes 05 de diciembre de 2025.<\/strong><\/p>\n<p>[\/et_pb_text][\/et_pb_column][\/et_pb_row][\/et_pb_section][et_pb_section fb_built=\u00bb1&#8243; custom_padding_last_edited=\u00bbon|desktop\u00bb prev_background_color=\u00bb#ffffff\u00bb admin_label=\u00bbCall to action\u00bb _builder_version=\u00bb4.27.5&#8243; background_enable_color=\u00bboff\u00bb use_background_color_gradient=\u00bbon\u00bb background_color_gradient_direction=\u00bb130deg\u00bb background_color_gradient_stops=\u00bb#4b629f 25%|#f48c69 100%\u00bb background_color_gradient_start=\u00bb#4b629f\u00bb background_color_gradient_start_position=\u00bb25%\u00bb background_color_gradient_end=\u00bb#f48c69&#8243; background_enable_image=\u00bboff\u00bb parallax=\u00bbon\u00bb background_video_mp4=\u00bbhttps:\/\/web.ceico.edu.mx\/wp-content\/uploads\/2025\/12\/Pie-de-pagina.mp4&#8243; custom_padding=\u00bb16vw||7vw||false|false\u00bb custom_padding_tablet=\u00bb100px||100px||true\u00bb custom_padding_phone=\u00bb||||true\u00bb top_divider_style=\u00bbramp2&#8243; top_divider_height=\u00bb250px\u00bb top_divider_flip=\u00bbvertical\u00bb top_divider_height_tablet=\u00bb150px\u00bb top_divider_height_phone=\u00bb110px\u00bb top_divider_height_last_edited=\u00bbon|phone\u00bb saved_tabs=\u00bball\u00bb global_colors_info=\u00bb{}\u00bb][et_pb_row module_class=\u00bb et_pb_row_fullwidth\u00bb _builder_version=\u00bb4.16&#8243; width=\u00bb89%\u00bb width_tablet=\u00bb80%\u00bb width_phone=\u00bb80%\u00bb width_last_edited=\u00bbon|desktop\u00bb max_width=\u00bb89%\u00bb max_width_tablet=\u00bb80%\u00bb max_width_phone=\u00bb80%\u00bb max_width_last_edited=\u00bbon|desktop\u00bb custom_margin_phone=\u00bb|||\u00bb custom_margin_last_edited=\u00bboff|desktop\u00bb custom_padding=\u00bb|||\u00bb make_fullwidth=\u00bbon\u00bb global_colors_info=\u00bb{}\u00bb][et_pb_column type=\u00bb4_4&#8243; _builder_version=\u00bb4.16&#8243; custom_padding=\u00bb|||\u00bb global_colors_info=\u00bb{}\u00bb custom_padding__hover=\u00bb|||\u00bb][et_pb_text _builder_version=\u00bb4.27.5&#8243; text_font=\u00bb||||||||\u00bb header_font=\u00bb||||||||\u00bb header_2_font=\u00bbRoboto|700|||||||\u00bb header_2_font_size=\u00bb50px\u00bb header_2_line_height=\u00bb1.4em\u00bb header_3_font=\u00bbRoboto|700||on|||||\u00bb header_3_text_align=\u00bbcenter\u00bb header_3_text_color=\u00bb#ffffff\u00bb header_3_font_size=\u00bb24px\u00bb header_3_letter_spacing=\u00bb5px\u00bb header_3_line_height=\u00bb2em\u00bb text_orientation=\u00bbcenter\u00bb background_layout=\u00bbdark\u00bb max_width=\u00bb850px\u00bb module_alignment=\u00bbcenter\u00bb custom_margin=\u00bb|||\u00bb custom_padding=\u00bb|||\u00bb hover_enabled=\u00bb0&#8243; text_font_size_last_edited=\u00bboff|desktop\u00bb header_2_font_size_tablet=\u00bb40px\u00bb header_2_font_size_phone=\u00bb32px\u00bb header_2_font_size_last_edited=\u00bbon|desktop\u00bb header_3_font_size_tablet=\u00bb16px\u00bb header_3_font_size_phone=\u00bb14px\u00bb header_3_font_size_last_edited=\u00bbon|phone\u00bb global_colors_info=\u00bb{}\u00bb sticky_enabled=\u00bb0&#8243;]<\/p>\n<h3>\u00a1Int\u00e9grate ya!<\/h3>\n<h2>\u00danete a la gran Familia CEICO<\/h2>\n<p>[\/et_pb_text][et_pb_button button_url=\u00bb@ET-DC@eyJkeW5hbWljIjp0cnVlLCJjb250ZW50IjoicG9zdF9saW5rX3VybF9wYWdlIiwic2V0dGluZ3MiOnsicG9zdF9pZCI6IjMxMSJ9fQ==@\u00bb button_text=\u00bbAgenda una cita hoy\u00bb button_alignment=\u00bbcenter\u00bb _builder_version=\u00bb4.27.5&#8243; _dynamic_attributes=\u00bbbutton_url\u00bb custom_button=\u00bbon\u00bb button_text_size=\u00bb14px\u00bb button_bg_use_color_gradient=\u00bbon\u00bb button_bg_color_gradient_direction=\u00bb90deg\u00bb button_bg_color_gradient_stops=\u00bb#4b629f 0%|#f48c69 100%\u00bb button_bg_color_gradient_start=\u00bb#4b629f\u00bb button_bg_color_gradient_end=\u00bb#f48c69&#8243; button_border_width=\u00bb0px\u00bb button_border_color=\u00bbrgba(0,0,0,0)\u00bb button_border_radius=\u00bb4px\u00bb button_letter_spacing=\u00bb5px\u00bb button_font=\u00bbRoboto|700||on|||||\u00bb background_layout=\u00bbdark\u00bb custom_margin=\u00bb|||\u00bb custom_padding=\u00bb18px|34px|18px|34px|true|true\u00bb hover_enabled=\u00bb0&#8243; box_shadow_style=\u00bbpreset3&#8243; box_shadow_vertical=\u00bb20px\u00bb box_shadow_blur=\u00bb30px\u00bb box_shadow_spread=\u00bb-10px\u00bb box_shadow_color=\u00bbrgba(249,44,139,0.4)\u00bb button_letter_spacing_hover=\u00bb5.5px\u00bb global_colors_info=\u00bb{}\u00bb button_text_size__hover_enabled=\u00bboff\u00bb button_one_text_size__hover_enabled=\u00bboff\u00bb button_two_text_size__hover_enabled=\u00bboff\u00bb button_text_color__hover_enabled=\u00bboff\u00bb button_one_text_color__hover_enabled=\u00bboff\u00bb button_two_text_color__hover_enabled=\u00bboff\u00bb button_border_width__hover_enabled=\u00bboff\u00bb button_one_border_width__hover_enabled=\u00bboff\u00bb button_two_border_width__hover_enabled=\u00bboff\u00bb button_border_color__hover_enabled=\u00bboff\u00bb button_one_border_color__hover_enabled=\u00bboff\u00bb button_two_border_color__hover_enabled=\u00bboff\u00bb button_border_radius__hover_enabled=\u00bboff\u00bb button_one_border_radius__hover_enabled=\u00bboff\u00bb button_two_border_radius__hover_enabled=\u00bboff\u00bb button_letter_spacing__hover_enabled=\u00bbon\u00bb button_letter_spacing__hover=\u00bb5.5px\u00bb button_one_letter_spacing__hover_enabled=\u00bboff\u00bb button_two_letter_spacing__hover_enabled=\u00bboff\u00bb button_bg_color__hover_enabled=\u00bboff\u00bb button_one_bg_color__hover_enabled=\u00bboff\u00bb button_two_bg_color__hover_enabled=\u00bboff\u00bb sticky_enabled=\u00bb0&#8243;][\/et_pb_button][\/et_pb_column][\/et_pb_row][\/et_pb_section]<\/p>\n","protected":false},"excerpt":{"rendered":"<p>Aviso de privacidadAVISO DE PRIVACIDAD Centro Educativo Integral Campus Orizaba, S.C., mejor conocido como CEICO, con domicilio en Prolongaci\u00f3n Av. 20 de noviembre No. 686 colonia Rinc\u00f3n Grande C.P: 94390. Orizaba, Veracruz, M\u00e9xico, y portal de internet web.ceico.edu.mx es responsable del uso y protecci\u00f3n de sus datos personales, con fundamento en los art\u00edculos 15, 16 [&hellip;]<\/p>\n","protected":false},"author":1,"featured_media":0,"parent":0,"menu_order":0,"comment_status":"closed","ping_status":"closed","template":"","meta":{"_et_pb_use_builder":"on","_et_pb_old_content":"<!-- wp:divi\/placeholder \/-->","_et_gb_content_width":"","footnotes":""},"class_list":["post-682","page","type-page","status-publish","hentry"],"_links":{"self":[{"href":"https:\/\/web.ceico.edu.mx\/index.php\/wp-json\/wp\/v2\/pages\/682","targetHints":{"allow":["GET"]}}],"collection":[{"href":"https:\/\/web.ceico.edu.mx\/index.php\/wp-json\/wp\/v2\/pages"}],"about":[{"href":"https:\/\/web.ceico.edu.mx\/index.php\/wp-json\/wp\/v2\/types\/page"}],"author":[{"embeddable":true,"href":"https:\/\/web.ceico.edu.mx\/index.php\/wp-json\/wp\/v2\/users\/1"}],"replies":[{"embeddable":true,"href":"https:\/\/web.ceico.edu.mx\/index.php\/wp-json\/wp\/v2\/comments?post=682"}],"version-history":[{"count":9,"href":"https:\/\/web.ceico.edu.mx\/index.php\/wp-json\/wp\/v2\/pages\/682\/revisions"}],"predecessor-version":[{"id":1167,"href":"https:\/\/web.ceico.edu.mx\/index.php\/wp-json\/wp\/v2\/pages\/682\/revisions\/1167"}],"wp:attachment":[{"href":"https:\/\/web.ceico.edu.mx\/index.php\/wp-json\/wp\/v2\/media?parent=682"}],"curies":[{"name":"wp","href":"https:\/\/api.w.org\/{rel}","templated":true}]}}